
{"id":308,"date":"2017-02-10T20:12:08","date_gmt":"2017-02-10T19:12:08","guid":{"rendered":"http:\/\/aesthetic-apocalypse.com\/?page_id=308"},"modified":"2021-03-07T20:48:34","modified_gmt":"2021-03-07T19:48:34","slug":"services","status":"publish","type":"page","link":"https:\/\/aesthetic-apocalypse.com\/de\/services\/","title":{"rendered":"Angebot"},"content":{"rendered":"<blockquote><p>Wir bieten Auftragsarbeiten in vielen Bereichen, wie<br \/>\nFilm, Theater, Computerspiele, Musikvideos, Larp usw an.<br \/>\nOder buchen Sie uns f\u00fcr Ihr event!<\/p><\/blockquote>\n<h1>WAS wir anbieten<\/h1>\n<ul>\n<li>komplette Kost\u00fcme zum Kaufen oder Leihen<\/li>\n<li>Character-Design<\/li>\n<li>Show-Waffen<\/li>\n<li>Helme<\/li>\n<li>R\u00fcstung<\/li>\n<li>Requisiten<\/li>\n<li>Inneneinrichtung, Raum-Design<\/li>\n<li>Events<\/li>\n<\/ul>\n<p>Sie k\u00f6nnen uns bundesweit f\u00fcr Ihr Event buchen, z.B. f\u00fcr Messen, Themenparties, Escaperooms, Halloween, Promotions, usw. Wir kommen aus Saarbr\u00fccken im Saarland und besitzen einen Wohnwagen im MadMax\/Endzeit-Stil.\u00a0Wir sind Teil von mehreren Netzwerken von Endzeit-K\u00fcnstlern\u00a0(Cult of Chrome, Rust on Wheels)\u00a0und k\u00f6nnen auch gr\u00f6\u00dfere Gruppen und mehrere Fahrzeuge organisieren.<\/p>\n<figure id=\"attachment_525\" aria-describedby=\"caption-attachment-525\" style=\"width: 480px\" class=\"wp-caption aligncenter\"><a href=\"http:\/\/aesthetic-apocalypse.com\/wp-content\/uploads\/2017\/07\/postapocalyptic_camper_van.jpg\"><img decoding=\"async\" loading=\"lazy\" class=\"wp-image-525 size-thumbnail\" src=\"http:\/\/aesthetic-apocalypse.com\/wp-content\/uploads\/2017\/07\/postapocalyptic_camper_van-480x280.jpg\" alt=\"\" width=\"480\" height=\"280\" \/><\/a><figcaption id=\"caption-attachment-525\" class=\"wp-caption-text\">unser Endzeit wohnwagen<\/figcaption><\/figure>\n<figure id=\"attachment_423\" aria-describedby=\"caption-attachment-423\" style=\"width: 480px\" class=\"wp-caption aligncenter\"><a href=\"http:\/\/aesthetic-apocalypse.com\/wp-content\/uploads\/2017\/05\/wastelanders_bbq.jpg\"><img decoding=\"async\" loading=\"lazy\" class=\"wp-image-423 size-thumbnail\" src=\"http:\/\/aesthetic-apocalypse.com\/wp-content\/uploads\/2017\/05\/wastelanders_bbq-480x280.jpg\" alt=\"\" width=\"480\" height=\"280\" \/><\/a><figcaption id=\"caption-attachment-423\" class=\"wp-caption-text\">Beispiel f\u00fcr die kost\u00fcmierte crew<\/figcaption><\/figure>\n<p>Wenn sie interessiert sind,\u00a0<a href=\"http:\/\/aesthetic-apocalypse.com\/contact\/\">kontaktieren<\/a> Sie uns!<\/p>\n<p><a href=\"\/\/www.pinterest.com\/pin\/create\/button\/\" data-pin-do=\"buttonBookmark\" data-pin-color=\"red\" data-pin-height=\"128\"><img src=\"\/\/assets.pinterest.com\/images\/pidgets\/pinit_fg_en_rect_red_28.png\" \/><\/a><\/p>","protected":false},"excerpt":{"rendered":"<p class=\"entry-summary\">Wir bieten Auftragsarbeiten in vielen Bereichen, wie Film, Theater, Computerspiele, Musikvideos, Larp&hellip;<\/p>\n<div class=\"link-more\"><a href=\"https:\/\/aesthetic-apocalypse.com\/de\/services\/\" class=\"more-link\">Continue reading<span class=\"screen-reader-text\"> &ldquo;Angebot&rdquo;<\/span>&hellip;<\/a><\/div>","protected":false},"author":1,"featured_media":0,"parent":0,"menu_order":0,"comment_status":"closed","ping_status":"closed","template":"page-template\/_fullwidth.php","meta":[],"_links":{"self":[{"href":"https:\/\/aesthetic-apocalypse.com\/de\/wp-json\/wp\/v2\/pages\/308"}],"collection":[{"href":"https:\/\/aesthetic-apocalypse.com\/de\/wp-json\/wp\/v2\/pages"}],"about":[{"href":"https:\/\/aesthetic-apocalypse.com\/de\/wp-json\/wp\/v2\/types\/page"}],"author":[{"embeddable":true,"href":"https:\/\/aesthetic-apocalypse.com\/de\/wp-json\/wp\/v2\/users\/1"}],"replies":[{"embeddable":true,"href":"https:\/\/aesthetic-apocalypse.com\/de\/wp-json\/wp\/v2\/comments?post=308"}],"version-history":[{"count":17,"href":"https:\/\/aesthetic-apocalypse.com\/de\/wp-json\/wp\/v2\/pages\/308\/revisions"}],"predecessor-version":[{"id":1147,"href":"https:\/\/aesthetic-apocalypse.com\/de\/wp-json\/wp\/v2\/pages\/308\/revisions\/1147"}],"wp:attachment":[{"href":"https:\/\/aesthetic-apocalypse.com\/de\/wp-json\/wp\/v2\/media?parent=308"}],"curies":[{"name":"wp","href":"https:\/\/api.w.org\/{rel}","templated":true}]}}