
{"id":290,"date":"2017-02-09T20:27:13","date_gmt":"2017-02-09T19:27:13","guid":{"rendered":"http:\/\/aesthetic-apocalypse.com\/?page_id=290"},"modified":"2021-05-04T16:13:19","modified_gmt":"2021-05-04T14:13:19","slug":"about","status":"publish","type":"page","link":"https:\/\/aesthetic-apocalypse.com\/de\/about\/","title":{"rendered":"\u00dcber"},"content":{"rendered":"<div class=\"entry-content\">\n<blockquote><p>Dinge, die wir sonst nicht mal wahrnehmen,<br \/>\nmachen unsere Kunst zu \u00e4sthetischen Einzelst\u00fccken.<\/p><\/blockquote>\n<p align=\"justify\">Aesthetic Apocalypse, die Endzeit-K\u00fcnstler aus dem Saarland. Unser Anspruch ist es, hochwertige, filmreife Kost\u00fcme, Helme, Requisiten, Fahrzeuge und alles M\u00f6gliche in einer Mischung aus Post-apocalyptic, Dieselpunk, Cyberpunk, Dark Future und Science-Fiction herzustellen. Wir verwandeln Dinge, die andere wegwerfen, zu etwas Neuem mit eigener \u00c4sthetik. Es ist nicht nur \u201eNimm alte Kleidung, zerfetze sie mache sie schmutzig\u201c. Wir sind zwei kreative K\u00f6pfe mit dem Auge f\u00fcr Sch\u00f6nes und einer gro\u00dfen Liebe zum Detail. Dinge, die wir sonst nicht einmal wahrnehmen, r\u00fccken bei unserer Kunst in den Fokus. Wir helfen gerne mit Tipps und Tricks und haben auch einige\u00a0Unterst\u00fctzer bei unseren Projekten. Vielen Dank an dieser Stelle!<\/p>\n<h1>DIE \u00c4STHETEN<\/h1>\n<table>\n<tbody>\n<tr>\n<td width=\"30%\"><img decoding=\"async\" loading=\"lazy\" class=\"aligncenter wp-image-512 size-full\" src=\"http:\/\/aesthetic-apocalypse.com\/wp-content\/uploads\/2017\/02\/members_ole2.jpg\" alt=\"\" width=\"300\" height=\"300\" \/><\/td>\n<td>\n<h2>OLE<\/h2>\n<blockquote><p>Am liebsten mache ich abgefahrene Helme und Waffen!<\/p><\/blockquote>\n<\/td>\n<\/tr>\n<\/tbody>\n<\/table>\n<table>\n<tbody>\n<tr>\n<td width=\"30%\"><img decoding=\"async\" loading=\"lazy\" class=\"aligncenter size-full wp-image-416\" src=\"http:\/\/aesthetic-apocalypse.com\/wp-content\/uploads\/2017\/02\/aamember_freya.jpg\" alt=\"\" width=\"300\" height=\"300\" \/><\/td>\n<td>\n<h2>FREYA<\/h2>\n<blockquote><p>Organisation, Makeup FX und Ladies Kost\u00fcme.<\/p><\/blockquote>\n<\/td>\n<\/tr>\n<\/tbody>\n<\/table>\n<\/div>\n<h1>KUNDEN<\/h1>\n<p><img decoding=\"async\" loading=\"lazy\" width=\"230\" height=\"108\" class=\"wp-image-1133\" src=\"http:\/\/aesthetic-apocalypse.com\/wp-content\/uploads\/2021\/03\/inx.png\" alt=\"\" \/> <a href=\"http:\/\/aesthetic-apocalypse.com\/wp-content\/uploads\/2021\/03\/rep.png\"><img decoding=\"async\" loading=\"lazy\" class=\"wp-image-1134 size-full alignnone\" src=\"http:\/\/aesthetic-apocalypse.com\/wp-content\/uploads\/2021\/03\/rep.png\" alt=\"\" width=\"217\" height=\"81\" \/><\/a><a href=\"http:\/\/aesthetic-apocalypse.com\/wp-content\/uploads\/2021\/03\/bh.png\"><img decoding=\"async\" loading=\"lazy\" class=\"wp-image-1137 size-full alignleft\" src=\"http:\/\/aesthetic-apocalypse.com\/wp-content\/uploads\/2021\/03\/bh.png\" alt=\"\" width=\"363\" height=\"67\" \/><\/a><a href=\"http:\/\/aesthetic-apocalypse.com\/wp-content\/uploads\/2021\/03\/majesty.png\"><img decoding=\"async\" loading=\"lazy\" class=\"wp-image-1135 size-full alignnone\" src=\"http:\/\/aesthetic-apocalypse.com\/wp-content\/uploads\/2021\/03\/majesty.png\" alt=\"\" width=\"232\" height=\"73\" \/><\/a><\/p>\n<h1>WIR SIND MITGLIED VON<\/h1>\n<p><a href=\"https:\/\/www.facebook.com\/rustonwheels\/\"><img decoding=\"async\" loading=\"lazy\" class=\"size-full wp-image-718 alignleft\" src=\"http:\/\/aesthetic-apocalypse.com\/wp-content\/uploads\/2017\/02\/rustonwheels.png\" alt=\"\" width=\"127\" height=\"127\" \/><\/a> <a href=\"https:\/\/www.facebook.com\/cultofchrome\/\"><img decoding=\"async\" loading=\"lazy\" class=\"size-large wp-image-719 alignleft\" src=\"http:\/\/aesthetic-apocalypse.com\/wp-content\/uploads\/2017\/02\/cultofchromelogo.png\" alt=\"\" width=\"170\" height=\"170\" \/><\/a><\/p>\n<p><a href=\"\/\/www.pinterest.com\/pin\/create\/button\/\" data-pin-do=\"buttonBookmark\" data-pin-color=\"red\" data-pin-height=\"128\"><img src=\"\/\/assets.pinterest.com\/images\/pidgets\/pinit_fg_en_rect_red_28.png\" \/><\/a><\/p>","protected":false},"excerpt":{"rendered":"<p class=\"entry-summary\">Dinge, die wir sonst nicht mal wahrnehmen, machen unsere Kunst zu \u00e4sthetischen&hellip;<\/p>\n<div class=\"link-more\"><a href=\"https:\/\/aesthetic-apocalypse.com\/de\/about\/\" class=\"more-link\">Continue reading<span class=\"screen-reader-text\"> &ldquo;\u00dcber&rdquo;<\/span>&hellip;<\/a><\/div>","protected":false},"author":1,"featured_media":0,"parent":0,"menu_order":0,"comment_status":"closed","ping_status":"closed","template":"page-template\/_fullwidth.php","meta":[],"_links":{"self":[{"href":"https:\/\/aesthetic-apocalypse.com\/de\/wp-json\/wp\/v2\/pages\/290"}],"collection":[{"href":"https:\/\/aesthetic-apocalypse.com\/de\/wp-json\/wp\/v2\/pages"}],"about":[{"href":"https:\/\/aesthetic-apocalypse.com\/de\/wp-json\/wp\/v2\/types\/page"}],"author":[{"embeddable":true,"href":"https:\/\/aesthetic-apocalypse.com\/de\/wp-json\/wp\/v2\/users\/1"}],"replies":[{"embeddable":true,"href":"https:\/\/aesthetic-apocalypse.com\/de\/wp-json\/wp\/v2\/comments?post=290"}],"version-history":[{"count":28,"href":"https:\/\/aesthetic-apocalypse.com\/de\/wp-json\/wp\/v2\/pages\/290\/revisions"}],"predecessor-version":[{"id":1154,"href":"https:\/\/aesthetic-apocalypse.com\/de\/wp-json\/wp\/v2\/pages\/290\/revisions\/1154"}],"wp:attachment":[{"href":"https:\/\/aesthetic-apocalypse.com\/de\/wp-json\/wp\/v2\/media?parent=290"}],"curies":[{"name":"wp","href":"https:\/\/api.w.org\/{rel}","templated":true}]}}